{"id":4197,"date":"2022-06-01T12:06:16","date_gmt":"2022-06-01T12:06:16","guid":{"rendered":"https:\/\/otaru.qodeinteractive.com\/?page_id=4197"},"modified":"2022-06-01T12:06:16","modified_gmt":"2022-06-01T12:06:16","slug":"contact-us","status":"publish","type":"page","link":"http:\/\/35.185.202.107\/?page_id=4197","title":{"rendered":"Contact Us"},"content":{"rendered":"\t\t<div data-elementor-type=\"wp-page\" data-elementor-id=\"4197\" class=\"elementor elementor-4197\">\n\t\t\t\t\t\t<section class=\"elementor-section elementor-top-section elementor-element elementor-element-c038a1a elementor-section-full_width elementor-section-height-default elementor-section-height-default qodef-elementor-content-no\" data-id=\"c038a1a\" data-element_type=\"section\" data-e-type=\"section\">\n\t\t\t\t\t\t<div class=\"elementor-container elementor-column-gap-default\">\n\t\t\t\t\t<div class=\"elementor-column elementor-col-100 elementor-top-column elementor-element elementor-element-5b09816\" data-id=\"5b09816\" data-element_type=\"column\" data-e-type=\"column\">\n\t\t\t<div class=\"elementor-widget-wrap elementor-element-populated\">\n\t\t\t\t\t\t<div class=\"elementor-element elementor-element-d65ece2 elementor-widget elementor-widget-otaru_core_google_map\" data-id=\"d65ece2\" data-element_type=\"widget\" data-e-type=\"widget\" data-widget_type=\"otaru_core_google_map.default\">\n\t\t\t\t<div class=\"elementor-widget-container\">\n\t\t\t\t\t<div class=\"qodef-shortcode qodef-m  qodef-google-map\">\n\t<div class=\"qodef-m-map\" id=\"qodef-map-id--664\" data-addresses='[\"https:\/\/www.google.com\/maps\/place\/West+Carteret,+Carteret,+NJ+07008,+USA\/@40.5945638,-74.2550115,15z\/data=!3m1!4b1!4m13!1m7!3m6!1s0x89c3b487e101a467:0xd4a5be7ec3d730bf!2sErnest+L.+Oros+Wildlife+Preserve,+Woodbridge+Township,+NJ,+USA!3b1!8m2!3d40.5874813!4d-74.2604818!3m4!1s0x89c3b361e4146121:0xe771818a2cf2c736!8m2!3d40.5945497!4d-74.2462546\"]' data-pin=http:\/\/35.185.202.107\/wp-content\/uploads\/2022\/06\/map-pin.png data-unique-id=664 data-height=550><\/div>\n<\/div>\n\t\t\t\t<\/div>\n\t\t\t\t<\/div>\n\t\t\t\t\t<\/div>\n\t\t<\/div>\n\t\t\t\t\t<\/div>\n\t\t<\/section>\n\t\t\t\t<section class=\"elementor-section elementor-top-section elementor-element elementor-element-9f441db elementor-section-full_width qodef-elementor-content-grid elementor-section-height-default elementor-section-height-default\" data-id=\"9f441db\" data-element_type=\"section\" data-e-type=\"section\">\n\t\t\t\t\t\t<div class=\"elementor-container elementor-column-gap-default\">\n\t\t\t\t\t<div class=\"elementor-column elementor-col-50 elementor-top-column elementor-element elementor-element-bda1dd6\" data-id=\"bda1dd6\" data-element_type=\"column\" data-e-type=\"column\">\n\t\t\t<div class=\"elementor-widget-wrap elementor-element-populated\">\n\t\t\t\t\t\t<div class=\"elementor-element elementor-element-4f1e21b elementor-widget__width-initial elementor-widget-tablet__width-inherit elementor-widget elementor-widget-otaru_core_section_title\" data-id=\"4f1e21b\" data-element_type=\"widget\" data-e-type=\"widget\" data-widget_type=\"otaru_core_section_title.default\">\n\t\t\t\t<div class=\"elementor-widget-container\">\n\t\t\t\t\t<div class=\"qodef-shortcode qodef-m  qodef-section-title qodef-alignment--left   \">\n\t\t\t<h3 class=\"qodef-m-title\" >\n\t\tDon't hesitate to contact us pronto!\t\t<\/h3>\n\t\t<p class=\"qodef-m-text\" style=\"margin-top: 20px\">Lorem ipsum dolor sit amet, consectetur adipiscing elit, sed do eiusmod tempor incididunt ut labore et dolore magna aliqua. Ut enim ad minim veniam quis nostrud.<\/p>\n\t<\/div>\n\t\t\t\t<\/div>\n\t\t\t\t<\/div>\n\t\t\t\t<section class=\"elementor-section elementor-inner-section elementor-element elementor-element-6b38bce elementor-section-full_width elementor-section-height-default elementor-section-height-default qodef-elementor-content-no\" data-id=\"6b38bce\" data-element_type=\"section\" data-e-type=\"section\">\n\t\t\t\t\t\t<div class=\"elementor-container elementor-column-gap-no\">\n\t\t\t\t\t<div class=\"elementor-column elementor-col-33 elementor-inner-column elementor-element elementor-element-bd9005e\" data-id=\"bd9005e\" data-element_type=\"column\" data-e-type=\"column\">\n\t\t\t<div class=\"elementor-widget-wrap elementor-element-populated\">\n\t\t\t\t\t\t<div class=\"elementor-element elementor-element-644c016 elementor-widget elementor-widget-otaru_core_section_title\" data-id=\"644c016\" data-element_type=\"widget\" data-e-type=\"widget\" data-widget_type=\"otaru_core_section_title.default\">\n\t\t\t\t<div class=\"elementor-widget-container\">\n\t\t\t\t\t<div class=\"qodef-shortcode qodef-m  qodef-section-title qodef-alignment--left   \">\n\t\t\t<h5 class=\"qodef-m-title\" >\n\t\tBelgium\t\t<\/h5>\n\t\t<\/div>\n\t\t\t\t<\/div>\n\t\t\t\t<\/div>\n\t\t\t\t<div class=\"elementor-element elementor-element-22c0c1f elementor-widget elementor-widget-otaru_core_section_title\" data-id=\"22c0c1f\" data-element_type=\"widget\" data-e-type=\"widget\" data-widget_type=\"otaru_core_section_title.default\">\n\t\t\t\t<div class=\"elementor-widget-container\">\n\t\t\t\t\t<div class=\"qodef-shortcode qodef-m  qodef-section-title qodef-alignment--left   \">\n\t\t\t<p class=\"qodef-m-title\" >\n\t\t\t<a itemprop=\"url\" href=\"https:\/\/www.google.com\/maps\/search\/Rue+de+Baras+108+Tenneville,+Hainaut\/@50.375803,3.6593539,9z\/data=!3m1!4b1\" target=\"_blank\">\n\t\tRue de Baras 108<br> Tenneville Rd\t\t\t<\/a>\n\t\t<\/p>\n\t\t<\/div>\n\t\t\t\t<\/div>\n\t\t\t\t<\/div>\n\t\t\t\t<div class=\"elementor-element elementor-element-5d5df63 elementor-widget elementor-widget-otaru_core_section_title\" data-id=\"5d5df63\" data-element_type=\"widget\" data-e-type=\"widget\" data-widget_type=\"otaru_core_section_title.default\">\n\t\t\t\t<div class=\"elementor-widget-container\">\n\t\t\t\t\t<div class=\"qodef-shortcode qodef-m  qodef-section-title qodef-alignment--left   \">\n\t\t\t<p class=\"qodef-m-title\" >\n\t\t\t<a itemprop=\"url\" href=\"tel:381629332193\" target=\"_self\">\n\t\t381629332193\t\t\t<\/a>\n\t\t<\/p>\n\t\t<\/div>\n\t\t\t\t<\/div>\n\t\t\t\t<\/div>\n\t\t\t\t\t<\/div>\n\t\t<\/div>\n\t\t\t\t<div class=\"elementor-column elementor-col-33 elementor-inner-column elementor-element elementor-element-2c69cca\" data-id=\"2c69cca\" data-element_type=\"column\" data-e-type=\"column\">\n\t\t\t<div class=\"elementor-widget-wrap elementor-element-populated\">\n\t\t\t\t\t\t<div class=\"elementor-element elementor-element-3b61aa9 elementor-widget elementor-widget-otaru_core_section_title\" data-id=\"3b61aa9\" data-element_type=\"widget\" data-e-type=\"widget\" data-widget_type=\"otaru_core_section_title.default\">\n\t\t\t\t<div class=\"elementor-widget-container\">\n\t\t\t\t\t<div class=\"qodef-shortcode qodef-m  qodef-section-title qodef-alignment--left   \">\n\t\t\t<h5 class=\"qodef-m-title\" >\n\t\tStockholm\t\t<\/h5>\n\t\t<\/div>\n\t\t\t\t<\/div>\n\t\t\t\t<\/div>\n\t\t\t\t<div class=\"elementor-element elementor-element-42341aa elementor-widget elementor-widget-otaru_core_section_title\" data-id=\"42341aa\" data-element_type=\"widget\" data-e-type=\"widget\" data-widget_type=\"otaru_core_section_title.default\">\n\t\t\t\t<div class=\"elementor-widget-container\">\n\t\t\t\t\t<div class=\"qodef-shortcode qodef-m  qodef-section-title qodef-alignment--left   \">\n\t\t\t<p class=\"qodef-m-title\" >\n\t\t\t<a itemprop=\"url\" href=\"https:\/\/www.google.com\/maps\/place\/%D0%93%D1%83%D0%BD%D0%B4%D1%83%D0%BB%D0%B8%D1%9B%D0%B5%D0%B2+%D0%B2%D0%B5%D0%BD%D0%B0%D1%86+25,+%D0%91%D0%B5%D0%BE%D0%B3%D1%80%D0%B0%D0%B4\/@44.8188577,20.4680173,17z\/data=!3m1!4b1!4m5!3m4!1s0x475a7ab76b8540bf:0x93b9790b81262c0f!8m2!3d44.8188539!4d20.470206\" target=\"_blank\">\n\t\tF\u00e4bodv\u00e4gen 8<br> 142 33 Skog\u00e5s\t\t\t<\/a>\n\t\t<\/p>\n\t\t<\/div>\n\t\t\t\t<\/div>\n\t\t\t\t<\/div>\n\t\t\t\t<div class=\"elementor-element elementor-element-c1b6b17 elementor-widget elementor-widget-otaru_core_section_title\" data-id=\"c1b6b17\" data-element_type=\"widget\" data-e-type=\"widget\" data-widget_type=\"otaru_core_section_title.default\">\n\t\t\t\t<div class=\"elementor-widget-container\">\n\t\t\t\t\t<div class=\"qodef-shortcode qodef-m  qodef-section-title qodef-alignment--left   \">\n\t\t\t<p class=\"qodef-m-title\" >\n\t\t\t<a itemprop=\"url\" href=\"tel:024993223\" target=\"_self\">\n\t\t024993223\t\t\t<\/a>\n\t\t<\/p>\n\t\t<\/div>\n\t\t\t\t<\/div>\n\t\t\t\t<\/div>\n\t\t\t\t\t<\/div>\n\t\t<\/div>\n\t\t\t\t<div class=\"elementor-column elementor-col-33 elementor-inner-column elementor-element elementor-element-a64d3c4\" data-id=\"a64d3c4\" data-element_type=\"column\" data-e-type=\"column\">\n\t\t\t<div class=\"elementor-widget-wrap elementor-element-populated\">\n\t\t\t\t\t\t<div class=\"elementor-element elementor-element-dcc6c97 elementor-widget elementor-widget-otaru_core_section_title\" data-id=\"dcc6c97\" data-element_type=\"widget\" data-e-type=\"widget\" data-widget_type=\"otaru_core_section_title.default\">\n\t\t\t\t<div class=\"elementor-widget-container\">\n\t\t\t\t\t<div class=\"qodef-shortcode qodef-m  qodef-section-title qodef-alignment--left   \">\n\t\t\t<h5 class=\"qodef-m-title\" >\n\t\tGlasgow\t\t<\/h5>\n\t\t<\/div>\n\t\t\t\t<\/div>\n\t\t\t\t<\/div>\n\t\t\t\t<div class=\"elementor-element elementor-element-d0c5a35 elementor-widget elementor-widget-otaru_core_section_title\" data-id=\"d0c5a35\" data-element_type=\"widget\" data-e-type=\"widget\" data-widget_type=\"otaru_core_section_title.default\">\n\t\t\t\t<div class=\"elementor-widget-container\">\n\t\t\t\t\t<div class=\"qodef-shortcode qodef-m  qodef-section-title qodef-alignment--left   \">\n\t\t\t<p class=\"qodef-m-title\" >\n\t\t\t<a itemprop=\"url\" href=\"https:\/\/www.google.com\/maps\/place\/%D0%93%D1%83%D0%BD%D0%B4%D1%83%D0%BB%D0%B8%D1%9B%D0%B5%D0%B2+%D0%B2%D0%B5%D0%BD%D0%B0%D1%86+25,+%D0%91%D0%B5%D0%BE%D0%B3%D1%80%D0%B0%D0%B4\/@44.8188577,20.4680173,17z\/data=!3m1!4b1!4m5!3m4!1s0x475a7ab76b8540bf:0x93b9790b81262c0f!8m2!3d44.8188539!4d20.470206\" target=\"_blank\">\n\t\t11 Lethington Rd,<br> \nGlasgow, G46 6TA\t\t\t<\/a>\n\t\t<\/p>\n\t\t<\/div>\n\t\t\t\t<\/div>\n\t\t\t\t<\/div>\n\t\t\t\t<div class=\"elementor-element elementor-element-9f30c12 elementor-widget elementor-widget-otaru_core_section_title\" data-id=\"9f30c12\" data-element_type=\"widget\" data-e-type=\"widget\" data-widget_type=\"otaru_core_section_title.default\">\n\t\t\t\t<div class=\"elementor-widget-container\">\n\t\t\t\t\t<div class=\"qodef-shortcode qodef-m  qodef-section-title qodef-alignment--left   \">\n\t\t\t<p class=\"qodef-m-title\" >\n\t\t\t<a itemprop=\"url\" href=\"tel:381629334215\" target=\"_self\">\n\t\t381629334215\t\t\t<\/a>\n\t\t<\/p>\n\t\t<\/div>\n\t\t\t\t<\/div>\n\t\t\t\t<\/div>\n\t\t\t\t\t<\/div>\n\t\t<\/div>\n\t\t\t\t\t<\/div>\n\t\t<\/section>\n\t\t\t\t\t<\/div>\n\t\t<\/div>\n\t\t\t\t<div class=\"elementor-column elementor-col-50 elementor-top-column elementor-element elementor-element-bef24c3\" data-id=\"bef24c3\" data-element_type=\"column\" data-e-type=\"column\">\n\t\t\t<div class=\"elementor-widget-wrap elementor-element-populated\">\n\t\t\t\t\t\t<div class=\"elementor-element elementor-element-74e9435 elementor-widget elementor-widget-wp-widget-otaru_core_contact_form_7\" data-id=\"74e9435\" data-element_type=\"widget\" data-e-type=\"widget\" data-widget_type=\"wp-widget-otaru_core_contact_form_7.default\">\n\t\t\t\t<div class=\"elementor-widget-container\">\n\t\t\t\t\t\t\t\t<div class=\"qodef-contact-form-7\">\n\t\t\t\t<p class=\"wpcf7-contact-form-not-found\"><strong>Error:<\/strong> Contact form not found.<\/p>\t\t\t<\/div>\n\t\t\t\t\t\t\t<\/div>\n\t\t\t\t<\/div>\n\t\t\t\t\t<\/div>\n\t\t<\/div>\n\t\t\t\t\t<\/div>\n\t\t<\/section>\n\t\t\t\t<section class=\"elementor-section elementor-top-section elementor-element elementor-element-55616db elementor-section-full_width qodef-elementor-content-grid elementor-section-height-default elementor-section-height-default\" data-id=\"55616db\" data-element_type=\"section\" data-e-type=\"section\">\n\t\t\t\t\t\t<div class=\"elementor-container elementor-column-gap-default\">\n\t\t\t\t\t<div class=\"elementor-column elementor-col-100 elementor-top-column elementor-element elementor-element-61d9b65\" data-id=\"61d9b65\" data-element_type=\"column\" data-e-type=\"column\">\n\t\t\t<div class=\"elementor-widget-wrap elementor-element-populated\">\n\t\t\t\t\t\t<div class=\"elementor-element elementor-element-2ff7f32 elementor-widget__width-inherit elementor-widget elementor-widget-otaru_core_section_title\" data-id=\"2ff7f32\" data-element_type=\"widget\" data-e-type=\"widget\" data-widget_type=\"otaru_core_section_title.default\">\n\t\t\t\t<div class=\"elementor-widget-container\">\n\t\t\t\t\t<div class=\"qodef-shortcode qodef-m  qodef-section-title qodef-alignment--center   \">\n\t\t\t<h2 class=\"qodef-m-title\" >\n\t\tSubscribe to our newsletter\t\t<\/h2>\n\t\t<\/div>\n\t\t\t\t<\/div>\n\t\t\t\t<\/div>\n\t\t\t\t<div class=\"elementor-element elementor-element-2e84f76 elementor-widget__width-initial elementor-widget elementor-widget-wp-widget-otaru_core_contact_form_7\" data-id=\"2e84f76\" data-element_type=\"widget\" data-e-type=\"widget\" data-widget_type=\"wp-widget-otaru_core_contact_form_7.default\">\n\t\t\t\t<div class=\"elementor-widget-container\">\n\t\t\t\t\t\t\t\t<div class=\"qodef-contact-form-7\">\n\t\t\t\t<p class=\"wpcf7-contact-form-not-found\"><strong>Error:<\/strong> Contact form not found.<\/p>\t\t\t<\/div>\n\t\t\t\t\t\t\t<\/div>\n\t\t\t\t<\/div>\n\t\t\t\t\t<\/div>\n\t\t<\/div>\n\t\t\t\t\t<\/div>\n\t\t<\/section>\n\t\t\t\t<\/div>\n\t\t","protected":false},"excerpt":{"rendered":"<p>Don&#8217;t hesitate to contact us pronto! Lorem ipsum dolor sit amet, consectetur adipiscing elit, sed do eiusmod tempor incididunt ut labore et dolore magna aliqua. Ut enim ad minim veniam quis nostrud. Belgium Rue de Baras 108 Tenneville Rd 381629332193 Stockholm F\u00e4bodv\u00e4gen 8 142 33 Skog\u00e5s 024993223 Glasgow 11 Lethington Rd, Glasgow, G46 6TA 381629334215 [&hellip;]<\/p>\n","protected":false},"author":1,"featured_media":0,"parent":0,"menu_order":0,"comment_status":"closed","ping_status":"closed","template":"page-full-width.php","meta":{"footnotes":""},"class_list":["post-4197","page","type-page","status-publish","hentry"],"_links":{"self":[{"href":"http:\/\/35.185.202.107\/index.php?rest_route=\/wp\/v2\/pages\/4197","targetHints":{"allow":["GET"]}}],"collection":[{"href":"http:\/\/35.185.202.107\/index.php?rest_route=\/wp\/v2\/pages"}],"about":[{"href":"http:\/\/35.185.202.107\/index.php?rest_route=\/wp\/v2\/types\/page"}],"author":[{"embeddable":true,"href":"http:\/\/35.185.202.107\/index.php?rest_route=\/wp\/v2\/users\/1"}],"replies":[{"embeddable":true,"href":"http:\/\/35.185.202.107\/index.php?rest_route=%2Fwp%2Fv2%2Fcomments&post=4197"}],"version-history":[{"count":0,"href":"http:\/\/35.185.202.107\/index.php?rest_route=\/wp\/v2\/pages\/4197\/revisions"}],"wp:attachment":[{"href":"http:\/\/35.185.202.107\/index.php?rest_route=%2Fwp%2Fv2%2Fmedia&parent=4197"}],"curies":[{"name":"wp","href":"https:\/\/api.w.org\/{rel}","templated":true}]}}