{"id":4298,"date":"2022-06-01T12:49:16","date_gmt":"2022-06-01T12:49:16","guid":{"rendered":"https:\/\/otaru.qodeinteractive.com\/?page_id=4298"},"modified":"2022-06-01T12:49:16","modified_gmt":"2022-06-01T12:49:16","slug":"get-in-touch","status":"publish","type":"page","link":"http:\/\/35.185.202.107\/?page_id=4298","title":{"rendered":"Get In Touch"},"content":{"rendered":"\t\t<div data-elementor-type=\"wp-page\" data-elementor-id=\"4298\" class=\"elementor elementor-4298\">\n\t\t\t\t\t\t<section class=\"elementor-section elementor-top-section elementor-element elementor-element-c038a1a elementor-section-full_width elementor-section-height-default elementor-section-height-default qodef-elementor-content-no\" data-id=\"c038a1a\" data-element_type=\"section\" data-e-type=\"section\" data-settings=\"{&quot;background_background&quot;:&quot;classic&quot;}\">\n\t\t\t\t\t\t<div class=\"elementor-container elementor-column-gap-default\">\n\t\t\t\t\t<div class=\"elementor-column elementor-col-100 elementor-top-column elementor-element elementor-element-efee73a\" data-id=\"efee73a\" data-element_type=\"column\" data-e-type=\"column\">\n\t\t\t<div class=\"elementor-widget-wrap elementor-element-populated\">\n\t\t\t\t\t\t<div class=\"elementor-element elementor-element-933dd01 elementor-widget elementor-widget-otaru_core_section_title\" data-id=\"933dd01\" data-element_type=\"widget\" data-e-type=\"widget\" data-widget_type=\"otaru_core_section_title.default\">\n\t\t\t\t<div class=\"elementor-widget-container\">\n\t\t\t\t\t<div class=\"qodef-shortcode qodef-m  qodef-section-title qodef-alignment--center  qodef--title-color-gradient \">\n\t\t\t<var class=\"qodef-m-title\" >\n\t\tContact us\t\t<\/var>\n\t\t<\/div>\n\t\t\t\t<\/div>\n\t\t\t\t<\/div>\n\t\t\t\t\t<\/div>\n\t\t<\/div>\n\t\t\t\t\t<\/div>\n\t\t<\/section>\n\t\t\t\t<section class=\"elementor-section elementor-top-section elementor-element elementor-element-c17d246 elementor-section-full_width qodef-elementor-content-grid elementor-section-height-default elementor-section-height-default\" data-id=\"c17d246\" data-element_type=\"section\" data-e-type=\"section\">\n\t\t\t\t\t\t<div class=\"elementor-container elementor-column-gap-default\">\n\t\t\t\t\t<div class=\"elementor-column elementor-col-33 elementor-top-column elementor-element elementor-element-3a0293a\" data-id=\"3a0293a\" data-element_type=\"column\" data-e-type=\"column\">\n\t\t\t<div class=\"elementor-widget-wrap elementor-element-populated\">\n\t\t\t\t\t\t<div class=\"elementor-element elementor-element-5e89a74 elementor-widget__width-inherit elementor-widget-mobile__width-inherit elementor-widget elementor-widget-otaru_core_icon_with_text\" data-id=\"5e89a74\" data-element_type=\"widget\" data-e-type=\"widget\" data-widget_type=\"otaru_core_icon_with_text.default\">\n\t\t\t\t<div class=\"elementor-widget-container\">\n\t\t\t\t\t<div class=\"qodef-shortcode qodef-m  qodef-icon-with-text qodef-layout--top qodef--svg-code  qodef-alignment--left\" >\n\t<div class=\"qodef-m-icon-wrapper\">\n\t\t\t\t\t<svg xmlns=\"http:\/\/www.w3.org\/2000\/svg\" width=\"100\" height=\"82\" viewBox=\"0 0 100 82\" style=\"enable-background:new 0 0 100 82\" xml:space=\"preserve\">\n  <path d=\"m.1 38.4 10.2 17.2L.1 73l5.5 9h89.1l5.3-8.9-5.1-8.6H56l5-8.6-14.9-26.7H5.3L.1 38.4zm1.5 34.4 10.2-17.2L1.6 38.2l4.1-7.3 14.1 24.7L5.9 79.7l-4.3-6.9zm48.2-17.2-4.4 7.8-9.2-16.3 4.1-7.5 9.5 16zm-14.6-8.9h-9.4l-4.2-7.4h17.7l-4.1 7.4zm0 1.3 9.2 16.5H26.2l4.8-8.6-4.4-7.9h8.6zM7 80.7l13.9-24.3H29l-9.6 17.3h78.5l-4 6.9H7zm87.1-14.9 4 6.8H21.7l3.8-7.3v.5h68.6zm-47.5-1.3 4.4-8h8.1l-4.6 8h-7.9zm12.5-9.2H51L40.8 38H19.4L29 55.1l-8.1.1L6.8 30.5h38.5l13.8 24.8z\" fill=\"#7e7c7c\"\/>\n<\/svg>\t\t<\/div>\n\t<div class=\"qodef-m-content\">\n\t\t\t<h4 class=\"qodef-m-title\" style=\"margin-top: 10px\">\n\t\t\t\t\t<span class=\"qodef-m-title-text\">Temporal<\/span>\n\t\t\t<\/h4>\n\t\t\t<p class=\"qodef-m-text\" style=\"font-size: 18px;margin-top: 17px\">Platea dictumst vesti rhoncus est  elit ullam corper dignissim rerit.<\/p>\n\t<\/div>\n<\/div>\n\t\t\t\t<\/div>\n\t\t\t\t<\/div>\n\t\t\t\t\t<\/div>\n\t\t<\/div>\n\t\t\t\t<div class=\"elementor-column elementor-col-33 elementor-top-column elementor-element elementor-element-b6e841a\" data-id=\"b6e841a\" data-element_type=\"column\" data-e-type=\"column\">\n\t\t\t<div class=\"elementor-widget-wrap elementor-element-populated\">\n\t\t\t\t\t\t<div class=\"elementor-element elementor-element-d4b6cc7 elementor-widget__width-inherit elementor-widget-mobile__width-inherit elementor-widget elementor-widget-otaru_core_icon_with_text\" data-id=\"d4b6cc7\" data-element_type=\"widget\" data-e-type=\"widget\" data-widget_type=\"otaru_core_icon_with_text.default\">\n\t\t\t\t<div class=\"elementor-widget-container\">\n\t\t\t\t\t<div class=\"qodef-shortcode qodef-m  qodef-icon-with-text qodef-layout--top qodef--svg-code  qodef-alignment--left\" >\n\t<div class=\"qodef-m-icon-wrapper\">\n\t\t\t\t\t<svg xmlns=\"http:\/\/www.w3.org\/2000\/svg\" x=\"0\" y=\"0\" width=\"100\" height=\"82\" viewBox=\"0 0 100 82\" style=\"enable-background:new 0 0 100 82\" xml:space=\"preserve\">\n  <path d=\"M62.1 44.9 35.8 60 9.5 44.9 0 50.4v10.9l35.4 20.2.3.2 35.7-20.6v-11l-9.3-5.2zM1.5 60.5v-8.4L35 71.3v8.4L1.5 60.5zM35.8 70 2.2 50.8l7.3-4.3 26.2 15.1L62 46.5l7.2 4.1L35.8 70zM70 60.4 36.5 79.7v-8.4L70 51.9v8.5z\" fill=\"#7e7c7c\"\/>\n  <path d=\"M35.7 22H50L26 35.7v11.2l9.6 5.2L71 31.8V20.7l-13.7-7.9H43.7V4.9l-8-4.7L0 20.7v11.1L9.3 37l26.4-15zm-.9-1.1-24.7 14v-8.3l24.8-14.2-.1 8.5zM34.7 50l-7.3-4v-8.6l7.3 4V50zm34.9-19.1L36.2 50.1v-8.6l33.4-19.1v8.5zm-33.8-29 6.5 3.8v8.6H57l11.9 6.8-33.4 19.1-7.3-4 27.3-15.6H36.2V9.9L9.3 25.3l-7.1-4.2L35.8 1.9zm-34.3 29v-8.6l7.1 4.2v8.4l-7.1-4z\" fill=\"#7e7c7c\"\/>\n<\/svg>\t\t<\/div>\n\t<div class=\"qodef-m-content\">\n\t\t\t<h4 class=\"qodef-m-title\" style=\"margin-top: 10px\">\n\t\t\t\t\t<span class=\"qodef-m-title-text\">Spacial<\/span>\n\t\t\t<\/h4>\n\t\t\t<p class=\"qodef-m-text\" style=\"font-size: 18px;margin-top: 17px\">Platea dictumst vesti rhoncus est  elit ullam corper dignissim rerit.<\/p>\n\t<\/div>\n<\/div>\n\t\t\t\t<\/div>\n\t\t\t\t<\/div>\n\t\t\t\t\t<\/div>\n\t\t<\/div>\n\t\t\t\t<div class=\"elementor-column elementor-col-33 elementor-top-column elementor-element elementor-element-ed680d1\" data-id=\"ed680d1\" data-element_type=\"column\" data-e-type=\"column\">\n\t\t\t<div class=\"elementor-widget-wrap elementor-element-populated\">\n\t\t\t\t\t\t<div class=\"elementor-element elementor-element-e6639fb elementor-widget__width-inherit elementor-widget-mobile__width-inherit elementor-widget elementor-widget-otaru_core_icon_with_text\" data-id=\"e6639fb\" data-element_type=\"widget\" data-e-type=\"widget\" data-widget_type=\"otaru_core_icon_with_text.default\">\n\t\t\t\t<div class=\"elementor-widget-container\">\n\t\t\t\t\t<div class=\"qodef-shortcode qodef-m  qodef-icon-with-text qodef-layout--top qodef--svg-code  qodef-alignment--left\" >\n\t<div class=\"qodef-m-icon-wrapper\">\n\t\t\t\t\t<svg xmlns=\"http:\/\/www.w3.org\/2000\/svg\" x=\"0\" y=\"0\" width=\"100\" height=\"82\" viewBox=\"0 0 100 82\" style=\"enable-background:new 0 0 100 82\" xml:space=\"preserve\">\n  <path d=\"m41.4 39-5.5-9.5H5.8L0 38.7l10.2 16.9L0 73.3l5.8 9h39.7L66 47.7h7.8l-4.5 8.1 4.4 7.6-8.9.1-5.6 9.7 5.7 9.2h30.3L100 73l-9.3-17.5L100 39l-5-9.5H55L35 64.1h-8.1l4.8-8.3-4.7-8 9 .1 5.4-8.9zm-15.2 7.5-4-6.7h17.2l-4.2 6.8-9-.1zm13.3-8.1H19.9l9.9 17h-8.5l-14-24.6h27.8l4.4 7.6zm-38 34.7 10.2-17.5L1.5 38.7l4.6-7.4L20 55.7 6.1 80.1l-4.6-7zM44.8 81H7.3l13.9-24.4h8.5l-10 17.2h21.2l19.8-34.1 37.4-.2-8.7 15.3h-8.1l4.5-8.6-20.6.1L44.8 81zm25.7-9-4.1-7.4 19.5-.1-4.5-8.3h8.2l8.6 16-27.7-.2zm.3-16.3 4.5-8.1h8.4l-4.2 7.9 4.2 7.7-8.4.1-4.5-7.6zm-10 17.2 4.5-7.6 4.1 7.3-4.1 7.5-4.5-7.2zm5.6 8.1 4.1-7.6 27.7.2-3.8 7.4h-28zm31.8-42.7-37.5.1-4.2-7.6h37.7l4 7.5zm-42.8-7 4.2 7.6-19 32.7-4.4-7.1 19.2-33.2zM35 65.4l4.4 7.1H22l4.1-7.1H35z\" fill=\"#7e7c7c\"\/>\n<\/svg>\t\t<\/div>\n\t<div class=\"qodef-m-content\">\n\t\t\t<h4 class=\"qodef-m-title\" style=\"margin-top: 10px\">\n\t\t\t\t\t<span class=\"qodef-m-title-text\">Timeless<\/span>\n\t\t\t<\/h4>\n\t\t\t<p class=\"qodef-m-text\" style=\"font-size: 18px;margin-top: 17px\">Platea dictumst vesti rhoncus est  elit ullam corper dignissim rerit.<\/p>\n\t<\/div>\n<\/div>\n\t\t\t\t<\/div>\n\t\t\t\t<\/div>\n\t\t\t\t\t<\/div>\n\t\t<\/div>\n\t\t\t\t\t<\/div>\n\t\t<\/section>\n\t\t\t\t<section class=\"elementor-section elementor-top-section elementor-element elementor-element-9f441db elementor-section-full_width elementor-reverse-tablet elementor-reverse-mobile elementor-section-height-default elementor-section-height-default qodef-elementor-content-no\" data-id=\"9f441db\" data-element_type=\"section\" data-e-type=\"section\">\n\t\t\t\t\t\t<div class=\"elementor-container elementor-column-gap-default\">\n\t\t\t\t\t<div class=\"elementor-column elementor-col-50 elementor-top-column elementor-element elementor-element-ffdeb76\" data-id=\"ffdeb76\" data-element_type=\"column\" data-e-type=\"column\">\n\t\t\t<div class=\"elementor-widget-wrap elementor-element-populated\">\n\t\t\t\t\t\t<div class=\"elementor-element elementor-element-fc6b391 elementor-widget elementor-widget-otaru_core_google_map\" data-id=\"fc6b391\" data-element_type=\"widget\" data-e-type=\"widget\" data-widget_type=\"otaru_core_google_map.default\">\n\t\t\t\t<div class=\"elementor-widget-container\">\n\t\t\t\t\t<div class=\"qodef-shortcode qodef-m  qodef-google-map\">\n\t<div class=\"qodef-m-map\" id=\"qodef-map-id--550\" data-addresses='[\"https:\/\/www.google.com\/maps\/place\/West+Carteret,+Carteret,+NJ+07008,+USA\/@40.5945638,-74.2550115,15z\/data=!3m1!4b1!4m13!1m7!3m6!1s0x89c3b487e101a467:0xd4a5be7ec3d730bf!2sErnest+L.+Oros+Wildlife+Preserve,+Woodbridge+Township,+NJ,+USA!3b1!8m2!3d40.5874813!4d-74.2604818!3m4!1s0x89c3b361e4146121:0xe771818a2cf2c736!8m2!3d40.5945497!4d-74.2462546\"]' data-pin=http:\/\/35.185.202.107\/wp-content\/uploads\/2022\/06\/map-pin.png data-unique-id=550 data-height=650><\/div>\n<\/div>\n\t\t\t\t<\/div>\n\t\t\t\t<\/div>\n\t\t\t\t\t<\/div>\n\t\t<\/div>\n\t\t\t\t<div class=\"elementor-column elementor-col-50 elementor-top-column elementor-element elementor-element-bda1dd6\" data-id=\"bda1dd6\" data-element_type=\"column\" data-e-type=\"column\">\n\t\t\t<div class=\"elementor-widget-wrap elementor-element-populated\">\n\t\t\t\t\t\t<div class=\"elementor-element elementor-element-4f1e21b elementor-widget__width-initial elementor-widget-tablet__width-inherit elementor-widget-mobile__width-inherit elementor-widget elementor-widget-otaru_core_section_title\" data-id=\"4f1e21b\" data-element_type=\"widget\" data-e-type=\"widget\" data-widget_type=\"otaru_core_section_title.default\">\n\t\t\t\t<div class=\"elementor-widget-container\">\n\t\t\t\t\t<div class=\"qodef-shortcode qodef-m  qodef-section-title qodef-alignment--left   \">\n\t\t\t<h3 class=\"qodef-m-title\" >\n\t\tDon't hesitate to contact us pronto!\t\t<\/h3>\n\t\t<p class=\"qodef-m-text\" >Lorem ipsum dolor sit amet, consectetur adipiscing elit, sed do eiusmod tempor incididunt ut labore et dolore magna aliqua. Ut enim ad minim veniam quis nostrud.<\/p>\n\t<\/div>\n\t\t\t\t<\/div>\n\t\t\t\t<\/div>\n\t\t\t\t<section class=\"elementor-section elementor-inner-section elementor-element elementor-element-30f4808 elementor-section-full_width elementor-section-height-default elementor-section-height-default qodef-elementor-content-no\" data-id=\"30f4808\" data-element_type=\"section\" data-e-type=\"section\">\n\t\t\t\t\t\t<div class=\"elementor-container elementor-column-gap-no\">\n\t\t\t\t\t<div class=\"elementor-column elementor-col-33 elementor-inner-column elementor-element elementor-element-64c5c7e\" data-id=\"64c5c7e\" data-element_type=\"column\" data-e-type=\"column\">\n\t\t\t<div class=\"elementor-widget-wrap elementor-element-populated\">\n\t\t\t\t\t\t<div class=\"elementor-element elementor-element-e3dd416 elementor-widget elementor-widget-otaru_core_section_title\" data-id=\"e3dd416\" data-element_type=\"widget\" data-e-type=\"widget\" data-widget_type=\"otaru_core_section_title.default\">\n\t\t\t\t<div class=\"elementor-widget-container\">\n\t\t\t\t\t<div class=\"qodef-shortcode qodef-m  qodef-section-title qodef-alignment--left   \">\n\t\t\t<h5 class=\"qodef-m-title\" >\n\t\tBelgium\t\t<\/h5>\n\t\t<\/div>\n\t\t\t\t<\/div>\n\t\t\t\t<\/div>\n\t\t\t\t<div class=\"elementor-element elementor-element-05d5890 elementor-widget elementor-widget-otaru_core_section_title\" data-id=\"05d5890\" data-element_type=\"widget\" data-e-type=\"widget\" data-widget_type=\"otaru_core_section_title.default\">\n\t\t\t\t<div class=\"elementor-widget-container\">\n\t\t\t\t\t<div class=\"qodef-shortcode qodef-m  qodef-section-title qodef-alignment--left   \">\n\t\t\t<p class=\"qodef-m-title\" >\n\t\t\t<a itemprop=\"url\" href=\"https:\/\/www.google.com\/maps\/search\/Rue+de+Baras+108+Tenneville,+Hainaut\/@50.375803,3.6593539,9z\/data=!3m1!4b1\" target=\"_blank\">\n\t\tRue de Baras 108<br> Tenneville Rd\t\t\t<\/a>\n\t\t<\/p>\n\t\t<\/div>\n\t\t\t\t<\/div>\n\t\t\t\t<\/div>\n\t\t\t\t<div class=\"elementor-element elementor-element-32ac71a elementor-widget elementor-widget-otaru_core_section_title\" data-id=\"32ac71a\" data-element_type=\"widget\" data-e-type=\"widget\" data-widget_type=\"otaru_core_section_title.default\">\n\t\t\t\t<div class=\"elementor-widget-container\">\n\t\t\t\t\t<div class=\"qodef-shortcode qodef-m  qodef-section-title qodef-alignment--left   \">\n\t\t\t<p class=\"qodef-m-title\" >\n\t\t\t<a itemprop=\"url\" href=\"tel:381629332193\" target=\"_self\">\n\t\t381629332193\t\t\t<\/a>\n\t\t<\/p>\n\t\t<\/div>\n\t\t\t\t<\/div>\n\t\t\t\t<\/div>\n\t\t\t\t\t<\/div>\n\t\t<\/div>\n\t\t\t\t<div class=\"elementor-column elementor-col-33 elementor-inner-column elementor-element elementor-element-4af0acf\" data-id=\"4af0acf\" data-element_type=\"column\" data-e-type=\"column\">\n\t\t\t<div class=\"elementor-widget-wrap elementor-element-populated\">\n\t\t\t\t\t\t<div class=\"elementor-element elementor-element-4288aa7 elementor-widget elementor-widget-otaru_core_section_title\" data-id=\"4288aa7\" data-element_type=\"widget\" data-e-type=\"widget\" data-widget_type=\"otaru_core_section_title.default\">\n\t\t\t\t<div class=\"elementor-widget-container\">\n\t\t\t\t\t<div class=\"qodef-shortcode qodef-m  qodef-section-title qodef-alignment--left   \">\n\t\t\t<h5 class=\"qodef-m-title\" >\n\t\tStockholm\t\t<\/h5>\n\t\t<\/div>\n\t\t\t\t<\/div>\n\t\t\t\t<\/div>\n\t\t\t\t<div class=\"elementor-element elementor-element-c3527b9 elementor-widget elementor-widget-otaru_core_section_title\" data-id=\"c3527b9\" data-element_type=\"widget\" data-e-type=\"widget\" data-widget_type=\"otaru_core_section_title.default\">\n\t\t\t\t<div class=\"elementor-widget-container\">\n\t\t\t\t\t<div class=\"qodef-shortcode qodef-m  qodef-section-title qodef-alignment--left   \">\n\t\t\t<p class=\"qodef-m-title\" >\n\t\t\t<a itemprop=\"url\" href=\"https:\/\/www.google.com\/maps\/place\/%D0%93%D1%83%D0%BD%D0%B4%D1%83%D0%BB%D0%B8%D1%9B%D0%B5%D0%B2+%D0%B2%D0%B5%D0%BD%D0%B0%D1%86+25,+%D0%91%D0%B5%D0%BE%D0%B3%D1%80%D0%B0%D0%B4\/@44.8188577,20.4680173,17z\/data=!3m1!4b1!4m5!3m4!1s0x475a7ab76b8540bf:0x93b9790b81262c0f!8m2!3d44.8188539!4d20.470206\" target=\"_blank\">\n\t\tF\u00e4bodv\u00e4gen 8<br> 142 33 Skog\u00e5s\t\t\t<\/a>\n\t\t<\/p>\n\t\t<\/div>\n\t\t\t\t<\/div>\n\t\t\t\t<\/div>\n\t\t\t\t<div class=\"elementor-element elementor-element-7c3a23f elementor-widget elementor-widget-otaru_core_section_title\" data-id=\"7c3a23f\" data-element_type=\"widget\" data-e-type=\"widget\" data-widget_type=\"otaru_core_section_title.default\">\n\t\t\t\t<div class=\"elementor-widget-container\">\n\t\t\t\t\t<div class=\"qodef-shortcode qodef-m  qodef-section-title qodef-alignment--left   \">\n\t\t\t<p class=\"qodef-m-title\" >\n\t\t\t<a itemprop=\"url\" href=\"tel:024993223\" target=\"_self\">\n\t\t024993223\t\t\t<\/a>\n\t\t<\/p>\n\t\t<\/div>\n\t\t\t\t<\/div>\n\t\t\t\t<\/div>\n\t\t\t\t\t<\/div>\n\t\t<\/div>\n\t\t\t\t<div class=\"elementor-column elementor-col-33 elementor-inner-column elementor-element elementor-element-4871b9e\" data-id=\"4871b9e\" data-element_type=\"column\" data-e-type=\"column\">\n\t\t\t<div class=\"elementor-widget-wrap elementor-element-populated\">\n\t\t\t\t\t\t<div class=\"elementor-element elementor-element-88f6337 elementor-widget elementor-widget-otaru_core_section_title\" data-id=\"88f6337\" data-element_type=\"widget\" data-e-type=\"widget\" data-widget_type=\"otaru_core_section_title.default\">\n\t\t\t\t<div class=\"elementor-widget-container\">\n\t\t\t\t\t<div class=\"qodef-shortcode qodef-m  qodef-section-title qodef-alignment--left   \">\n\t\t\t<h5 class=\"qodef-m-title\" >\n\t\tGlasgow\t\t<\/h5>\n\t\t<\/div>\n\t\t\t\t<\/div>\n\t\t\t\t<\/div>\n\t\t\t\t<div class=\"elementor-element elementor-element-e5b2dc4 elementor-widget elementor-widget-otaru_core_section_title\" data-id=\"e5b2dc4\" data-element_type=\"widget\" data-e-type=\"widget\" data-widget_type=\"otaru_core_section_title.default\">\n\t\t\t\t<div class=\"elementor-widget-container\">\n\t\t\t\t\t<div class=\"qodef-shortcode qodef-m  qodef-section-title qodef-alignment--left   \">\n\t\t\t<p class=\"qodef-m-title\" >\n\t\t\t<a itemprop=\"url\" href=\"https:\/\/www.google.com\/maps\/place\/%D0%93%D1%83%D0%BD%D0%B4%D1%83%D0%BB%D0%B8%D1%9B%D0%B5%D0%B2+%D0%B2%D0%B5%D0%BD%D0%B0%D1%86+25,+%D0%91%D0%B5%D0%BE%D0%B3%D1%80%D0%B0%D0%B4\/@44.8188577,20.4680173,17z\/data=!3m1!4b1!4m5!3m4!1s0x475a7ab76b8540bf:0x93b9790b81262c0f!8m2!3d44.8188539!4d20.470206\" target=\"_blank\">\n\t\t11 Lethington Rd,<br> \nGlasgow, G46 6TA\t\t\t<\/a>\n\t\t<\/p>\n\t\t<\/div>\n\t\t\t\t<\/div>\n\t\t\t\t<\/div>\n\t\t\t\t<div class=\"elementor-element elementor-element-8c182dc elementor-widget elementor-widget-otaru_core_section_title\" data-id=\"8c182dc\" data-element_type=\"widget\" data-e-type=\"widget\" data-widget_type=\"otaru_core_section_title.default\">\n\t\t\t\t<div class=\"elementor-widget-container\">\n\t\t\t\t\t<div class=\"qodef-shortcode qodef-m  qodef-section-title qodef-alignment--left   \">\n\t\t\t<p class=\"qodef-m-title\" >\n\t\t\t<a itemprop=\"url\" href=\"tel:381629334215\" target=\"_self\">\n\t\t381629334215\t\t\t<\/a>\n\t\t<\/p>\n\t\t<\/div>\n\t\t\t\t<\/div>\n\t\t\t\t<\/div>\n\t\t\t\t\t<\/div>\n\t\t<\/div>\n\t\t\t\t\t<\/div>\n\t\t<\/section>\n\t\t\t\t\t<\/div>\n\t\t<\/div>\n\t\t\t\t\t<\/div>\n\t\t<\/section>\n\t\t\t\t<section class=\"elementor-section elementor-top-section elementor-element elementor-element-acf0f3e elementor-section-full_width elementor-section-height-default elementor-section-height-default qodef-elementor-content-no\" data-id=\"acf0f3e\" data-element_type=\"section\" data-e-type=\"section\">\n\t\t\t\t\t\t<div class=\"elementor-container elementor-column-gap-default\">\n\t\t\t\t\t<div class=\"elementor-column elementor-col-50 elementor-top-column elementor-element elementor-element-870ab5b\" data-id=\"870ab5b\" data-element_type=\"column\" data-e-type=\"column\">\n\t\t\t<div class=\"elementor-widget-wrap elementor-element-populated\">\n\t\t\t\t\t\t<div class=\"elementor-element elementor-element-5543fbb elementor-widget__width-initial elementor-widget-tablet__width-inherit elementor-widget elementor-widget-wp-widget-otaru_core_contact_form_7\" data-id=\"5543fbb\" data-element_type=\"widget\" data-e-type=\"widget\" data-widget_type=\"wp-widget-otaru_core_contact_form_7.default\">\n\t\t\t\t<div class=\"elementor-widget-container\">\n\t\t\t\t\t\t\t\t<div class=\"qodef-contact-form-7\">\n\t\t\t\t<p class=\"wpcf7-contact-form-not-found\"><strong>Error:<\/strong> Contact form not found.<\/p>\t\t\t<\/div>\n\t\t\t\t\t\t\t<\/div>\n\t\t\t\t<\/div>\n\t\t\t\t\t<\/div>\n\t\t<\/div>\n\t\t\t\t<div class=\"elementor-column elementor-col-50 elementor-top-column elementor-element elementor-element-11e1bf6\" data-id=\"11e1bf6\" data-element_type=\"column\" data-e-type=\"column\" data-settings=\"{&quot;background_background&quot;:&quot;classic&quot;}\">\n\t\t\t<div class=\"elementor-widget-wrap elementor-element-populated\">\n\t\t\t\t\t\t<div class=\"elementor-element elementor-element-a932118 elementor-widget elementor-widget-spacer\" data-id=\"a932118\" data-element_type=\"widget\" data-e-type=\"widget\" data-widget_type=\"spacer.default\">\n\t\t\t\t<div class=\"elementor-widget-container\">\n\t\t\t\t\t\t\t<div class=\"elementor-spacer\">\n\t\t\t<div class=\"elementor-spacer-inner\"><\/div>\n\t\t<\/div>\n\t\t\t\t\t\t<\/div>\n\t\t\t\t<\/div>\n\t\t\t\t\t<\/div>\n\t\t<\/div>\n\t\t\t\t\t<\/div>\n\t\t<\/section>\n\t\t\t\t<section class=\"elementor-section elementor-top-section elementor-element elementor-element-55616db elementor-section-full_width qodef-elementor-content-grid elementor-section-height-default elementor-section-height-default\" data-id=\"55616db\" data-element_type=\"section\" data-e-type=\"section\">\n\t\t\t\t\t\t<div class=\"elementor-container elementor-column-gap-default\">\n\t\t\t\t\t<div class=\"elementor-column elementor-col-100 elementor-top-column elementor-element elementor-element-61d9b65\" data-id=\"61d9b65\" data-element_type=\"column\" data-e-type=\"column\">\n\t\t\t<div class=\"elementor-widget-wrap elementor-element-populated\">\n\t\t\t\t\t\t<div class=\"elementor-element elementor-element-2ff7f32 elementor-widget__width-inherit elementor-widget elementor-widget-otaru_core_section_title\" data-id=\"2ff7f32\" data-element_type=\"widget\" data-e-type=\"widget\" data-widget_type=\"otaru_core_section_title.default\">\n\t\t\t\t<div class=\"elementor-widget-container\">\n\t\t\t\t\t<div class=\"qodef-shortcode qodef-m  qodef-section-title qodef-alignment--center   \">\n\t\t\t<h2 class=\"qodef-m-title\" >\n\t\tSubscribe to our newsletter\t\t<\/h2>\n\t\t<\/div>\n\t\t\t\t<\/div>\n\t\t\t\t<\/div>\n\t\t\t\t<div class=\"elementor-element elementor-element-2e84f76 elementor-widget__width-initial elementor-widget elementor-widget-wp-widget-otaru_core_contact_form_7\" data-id=\"2e84f76\" data-element_type=\"widget\" data-e-type=\"widget\" data-widget_type=\"wp-widget-otaru_core_contact_form_7.default\">\n\t\t\t\t<div class=\"elementor-widget-container\">\n\t\t\t\t\t\t\t\t<div class=\"qodef-contact-form-7\">\n\t\t\t\t<p class=\"wpcf7-contact-form-not-found\"><strong>Error:<\/strong> Contact form not found.<\/p>\t\t\t<\/div>\n\t\t\t\t\t\t\t<\/div>\n\t\t\t\t<\/div>\n\t\t\t\t\t<\/div>\n\t\t<\/div>\n\t\t\t\t\t<\/div>\n\t\t<\/section>\n\t\t\t\t<\/div>\n\t\t","protected":false},"excerpt":{"rendered":"<p>Contact us Temporal Platea dictumst vesti rhoncus est elit ullam corper dignissim rerit. Spacial Platea dictumst vesti rhoncus est elit ullam corper dignissim rerit. Timeless Platea dictumst vesti rhoncus est elit ullam corper dignissim rerit. Don&#8217;t hesitate to contact us pronto! Lorem ipsum dolor sit amet, consectetur adipiscing elit, sed do eiusmod tempor incididunt ut [&hellip;]<\/p>\n","protected":false},"author":1,"featured_media":0,"parent":0,"menu_order":0,"comment_status":"closed","ping_status":"closed","template":"page-full-width.php","meta":{"footnotes":""},"class_list":["post-4298","page","type-page","status-publish","hentry"],"_links":{"self":[{"href":"http:\/\/35.185.202.107\/index.php?rest_route=\/wp\/v2\/pages\/4298","targetHints":{"allow":["GET"]}}],"collection":[{"href":"http:\/\/35.185.202.107\/index.php?rest_route=\/wp\/v2\/pages"}],"about":[{"href":"http:\/\/35.185.202.107\/index.php?rest_route=\/wp\/v2\/types\/page"}],"author":[{"embeddable":true,"href":"http:\/\/35.185.202.107\/index.php?rest_route=\/wp\/v2\/users\/1"}],"replies":[{"embeddable":true,"href":"http:\/\/35.185.202.107\/index.php?rest_route=%2Fwp%2Fv2%2Fcomments&post=4298"}],"version-history":[{"count":0,"href":"http:\/\/35.185.202.107\/index.php?rest_route=\/wp\/v2\/pages\/4298\/revisions"}],"wp:attachment":[{"href":"http:\/\/35.185.202.107\/index.php?rest_route=%2Fwp%2Fv2%2Fmedia&parent=4298"}],"curies":[{"name":"wp","href":"https:\/\/api.w.org\/{rel}","templated":true}]}}